{"id":9968,"date":"2025-12-12T16:03:25","date_gmt":"2025-12-12T15:03:25","guid":{"rendered":"https:\/\/www.elbenwald.de\/Festival\/?page_id=9968"},"modified":"2025-12-12T16:03:25","modified_gmt":"2025-12-12T15:03:25","slug":"punk-rock-factory","status":"publish","type":"page","link":"https:\/\/www.elbenwald.de\/Festival\/line-up\/punk-rock-factory\/","title":{"rendered":"Punk Rock Factory"},"content":{"rendered":"<h2>Punk Rock Factory<\/h2>\n<figure id=\"attachment_10009\" aria-describedby=\"caption-attachment-10009\" style=\"width: 500px\" class=\"wp-caption alignright\"><img loading=\"lazy\" decoding=\"async\" class=\"wp-image-10009\" title=\"Punk Rock Factory\" src=\"https:\/\/www.elbenwald.de\/Festival\/wp-content\/uploads\/punk-rock-factory_768x768px-300x300.jpg\" alt=\"Drei M\u00e4nner posieren vor einer bunten Wand mit Graffiti beim Elbenwald Festival. Die Szene strahlt eine l\u00e4ssige Atmosph\u00e4re aus, die die Verbindung von Musik und Nerdkultur widerspiegelt. Perfekt f\u00fcr Fans von alternativer Unterhaltung und Festivals.\" width=\"500\" height=\"500\" srcset=\"https:\/\/www.elbenwald.de\/Festival\/wp-content\/uploads\/punk-rock-factory_768x768px-300x300.jpg 300w, https:\/\/www.elbenwald.de\/Festival\/wp-content\/uploads\/punk-rock-factory_768x768px-150x150.jpg 150w, https:\/\/www.elbenwald.de\/Festival\/wp-content\/uploads\/punk-rock-factory_768x768px.jpg 768w\" sizes=\"auto, (max-width: 500px) 100vw, 500px\" \/><figcaption id=\"caption-attachment-10009\" class=\"wp-caption-text\">Punk Rock Factory<\/figcaption><\/figure>\n<p>Let it Go, Beauty and the Beast und Supercalifragilisticexpialidocious z\u00e4hlen zu den ganz gro\u00dfen Disney-Klassikern. Aber in der Punkrockvariante mit ordentlich Gitarrengeschrammel und gut gesetztem Rumgeschreie entfalten die Songs nochmal \u2026 ahem, A Whole New World (sorry).<\/p>\n<p>Der Punkrock-Ansatz reizt dich, Disney muss es aber nicht sein? Kein Problem, die britische Coverband <strong>Punk Rock Factory<\/strong> legt sich zwar auf ein Musikgenre, nicht aber auf das Ausgangsmaterial fest. Die Jungs geben auch Popklassikern wie Back for Good, Bat Out of Hell oder Livin\u2019 La Vida Loca einen ganz neuen Spin.<\/p>\n<p>Du willst es doch lieber Popkulturell? Dann zieh dir ihre Variante von This Is Halloween aus <strong>Nightmare Before Christmas<\/strong> rein. Oder dreh den Lautst\u00e4rkeregler auf Maximum und gib dich Serien wie <strong>Masters of the Universe<\/strong>, <strong>Rick and Morty<\/strong> oder den <strong>Mighty Morphin Power Rangers<\/strong> hin, um mal ein paar Beispiele zu nennen.<\/p>\n<h3>Aus der Wurstfabrik an die Spitze der Charts<\/h3>\n<p>Bei ihren Songs l\u00e4sst sich <a title=\"Punk Rock Factory Website\" href=\"https:\/\/punkrockfactory.com\/\" target=\"_blank\" rel=\"noopener\">Punk Rock Factory<\/a> nicht fremdbestimmen. Sie schreiben, proben, mixen, mastern und nehmen alles in ihrer eigenen kleinen Welt auf: der Sausage Factory. Ob das ein Fall von &#8222;Man will nicht wissen, wie die Wurst gemacht wird&#8220; ist, k\u00f6nnen wir aktuell nicht final beurteilen. Anyway:<\/p>\n<p>Mit ihrem Ansatz st\u00fcrmte die Band 2025 an die Spitze der britischen Rock- und Metal-Albencharts! Und weil das heutzutage vielleicht mehr z\u00e4hlt: Auch online l\u00e4uft\u2019s! Auf Spotify stehen mehr als 60 Millionen Streams, bei YouTube sprechen wir von \u00fcber 18 Millionen Views und auf TikTok geht man stark auf die erste Million Follower zu.<\/p>\n<p>Da wir immer noch von Punkrock sprechen, ist es nur logisch, dass das Ganze live eine ganz andere Energie entfaltet. Und nachdem Punk Rock Factory schon etliche Konzerte bei ausverkauften Academy-Touren in Gro\u00dfbritannien, den USA und Europa abgerissen haben und bei ihren Auftritten immer mehr gro\u00dfe Gaststars erscheinen \u2013 darunter <strong>Alissa White-Gluz<\/strong> von <strong>Arch Enemy<\/strong>, <strong>Adrian Estrella<\/strong> von <strong>Zebrahead<\/strong> und <strong>Jacoby Shaddix<\/strong> von <strong>Papa Roach<\/strong> \u2013, sind wir mehr als froh, die Jungs 2026 auf dem <strong><a title=\"Startseite\" href=\"https:\/\/www.elbenwald.de\/Festival\/\">Elbenwald Festival<\/a><\/strong> begr\u00fc\u00dfen zu d\u00fcrfen!<\/p>\n<p><a class=\"button\" href=\"https:\/\/festival.elbenwald.de\/tickets\/\" rel=\"noopener\">Jetzt Ticket sichern<\/a><\/p>\n<p><a class=\"button-minimal\" href=\"https:\/\/www.elbenwald.de\/Festival\/line-up\/\" rel=\"noopener\">Zum Line-Up<\/a><\/p>\n<div class=\"video-container\"><iframe loading=\"lazy\" src=\"https:\/\/www.youtube.com\/embed\/CUbul4f8AX8\" width=\"560\" height=\"315\" frameborder=\"0\" allowfullscreen=\"allowfullscreen\"><span style=\"display: inline-block; width: 0px; overflow: hidden; line-height: 0;\" data-mce-type=\"bookmark\" class=\"mce_SELRES_start\">\ufeff<\/span><\/iframe><\/div>\n","protected":false},"excerpt":{"rendered":"<p>Disney-Klassiker, Serien-Intros, Weihnachtsmusik oder einfach Popklassiker \u2013 nur eben einer echt geilen Punkrock-Variante? Yes please, Punk Rock Factory! <\/p>\n","protected":false},"author":4,"featured_media":10015,"parent":30,"menu_order":300,"comment_status":"closed","ping_status":"closed","template":"templates\/grid-page.php","meta":{"inline_featured_image":false,"footnotes":""},"class_list":["post-9968","page","type-page","status-publish","has-post-thumbnail","hentry"],"aioseo_notices":[],"_links":{"self":[{"href":"https:\/\/www.elbenwald.de\/Festival\/wp-json\/wp\/v2\/pages\/9968","targetHints":{"allow":["GET"]}}],"collection":[{"href":"https:\/\/www.elbenwald.de\/Festival\/wp-json\/wp\/v2\/pages"}],"about":[{"href":"https:\/\/www.elbenwald.de\/Festival\/wp-json\/wp\/v2\/types\/page"}],"author":[{"embeddable":true,"href":"https:\/\/www.elbenwald.de\/Festival\/wp-json\/wp\/v2\/users\/4"}],"replies":[{"embeddable":true,"href":"https:\/\/www.elbenwald.de\/Festival\/wp-json\/wp\/v2\/comments?post=9968"}],"version-history":[{"count":6,"href":"https:\/\/www.elbenwald.de\/Festival\/wp-json\/wp\/v2\/pages\/9968\/revisions"}],"predecessor-version":[{"id":10048,"href":"https:\/\/www.elbenwald.de\/Festival\/wp-json\/wp\/v2\/pages\/9968\/revisions\/10048"}],"up":[{"embeddable":true,"href":"https:\/\/www.elbenwald.de\/Festival\/wp-json\/wp\/v2\/pages\/30"}],"wp:featuredmedia":[{"embeddable":true,"href":"https:\/\/www.elbenwald.de\/Festival\/wp-json\/wp\/v2\/media\/10015"}],"wp:attachment":[{"href":"https:\/\/www.elbenwald.de\/Festival\/wp-json\/wp\/v2\/media?parent=9968"}],"curies":[{"name":"wp","href":"https:\/\/api.w.org\/{rel}","templated":true}]}}