{"id":928,"date":"2018-02-13T17:32:51","date_gmt":"2018-02-13T16:32:51","guid":{"rendered":"https:\/\/www.elbenwald.de\/Festival\/?page_id=928"},"modified":"2026-04-29T09:04:36","modified_gmt":"2026-04-29T07:04:36","slug":"meet-and-greet","status":"publish","type":"page","link":"https:\/\/www.elbenwald.de\/Festival\/line-up\/meet-and-greet\/","title":{"rendered":"Meet &#038; Greet"},"content":{"rendered":"<h2>Meet &amp; Greet<\/h2>\n<figure id=\"attachment_8799\" aria-describedby=\"caption-attachment-8799\" style=\"width: 500px\" class=\"wp-caption alignright\"><img loading=\"lazy\" decoding=\"async\" class=\"wp-image-8799\" title=\"Meet &amp; Greet, Foto: Rainer Keuenhof\" src=\"https:\/\/www.elbenwald.de\/Festival\/wp-content\/uploads\/meetandgreet_post-1-300x300.jpg\" alt=\"Meet &amp; Greet, Foto: Rainer Keuenhof\" width=\"500\" height=\"500\" srcset=\"https:\/\/www.elbenwald.de\/Festival\/wp-content\/uploads\/meetandgreet_post-1-300x300.jpg 300w, https:\/\/www.elbenwald.de\/Festival\/wp-content\/uploads\/meetandgreet_post-1-150x150.jpg 150w, https:\/\/www.elbenwald.de\/Festival\/wp-content\/uploads\/meetandgreet_post-1.jpg 768w\" sizes=\"auto, (max-width: 500px) 100vw, 500px\" \/><figcaption id=\"caption-attachment-8799\" class=\"wp-caption-text\">Meet &amp; Greet, Foto: Rainer Keuenhof<\/figcaption><\/figure>\n<p>F\u00fcr viele Fans ist es das Gr\u00f6\u00dfte, ein Autogramm ihres Lieblingsstars zu ergattern! Und genau diese Chance bekommst du auf dem <b>Elbenwald Festival<\/b>! Nat\u00fcrlich darfst du dir aussuchen, was die Stars unterschreiben. Ein Buch, eine Blu-ray, ein Foto, dein Lieblingsshirt, nicht allzu intime K\u00f6rperteile oder was auch immer. Wenn du keine Vorlage dabei hast, bekommst du von uns was Passendes gestellt \u2013 ohne Extrakosten.<\/p>\n<p><i>Info: Die genauen Meet &amp; Greet Zeiten geben wir rechtzeitig vor Festivalbeginn bekannt.<\/i><\/p>\n<p><a class=\"button\" href=\"https:\/\/festival.elbenwald.de\/tickets\/\" rel=\"noopener\">Jetzt Ticket sichern<\/a><\/p>\n<p><a class=\"button-minimal\" href=\"https:\/\/www.elbenwald.de\/Festival\/line-up\/\" rel=\"noopener\">Zum Line-Up<\/a><\/p>\n","protected":false},"excerpt":{"rendered":"<p>F\u00fcr Fans gibt es nichts Gr\u00f6\u00dferes, als ein Autogramm von oder ein Foto mit ihrem Lieblingsstar zu ergattern. Genau diese Chance bieten wir dir vor Ort!<\/p>\n","protected":false},"author":4,"featured_media":8798,"parent":30,"menu_order":5000,"comment_status":"closed","ping_status":"closed","template":"templates\/grid-page.php","meta":{"inline_featured_image":false,"footnotes":""},"class_list":["post-928","page","type-page","status-publish","has-post-thumbnail","hentry"],"aioseo_notices":[],"_links":{"self":[{"href":"https:\/\/www.elbenwald.de\/Festival\/wp-json\/wp\/v2\/pages\/928","targetHints":{"allow":["GET"]}}],"collection":[{"href":"https:\/\/www.elbenwald.de\/Festival\/wp-json\/wp\/v2\/pages"}],"about":[{"href":"https:\/\/www.elbenwald.de\/Festival\/wp-json\/wp\/v2\/types\/page"}],"author":[{"embeddable":true,"href":"https:\/\/www.elbenwald.de\/Festival\/wp-json\/wp\/v2\/users\/4"}],"replies":[{"embeddable":true,"href":"https:\/\/www.elbenwald.de\/Festival\/wp-json\/wp\/v2\/comments?post=928"}],"version-history":[{"count":24,"href":"https:\/\/www.elbenwald.de\/Festival\/wp-json\/wp\/v2\/pages\/928\/revisions"}],"predecessor-version":[{"id":8800,"href":"https:\/\/www.elbenwald.de\/Festival\/wp-json\/wp\/v2\/pages\/928\/revisions\/8800"}],"up":[{"embeddable":true,"href":"https:\/\/www.elbenwald.de\/Festival\/wp-json\/wp\/v2\/pages\/30"}],"wp:featuredmedia":[{"embeddable":true,"href":"https:\/\/www.elbenwald.de\/Festival\/wp-json\/wp\/v2\/media\/8798"}],"wp:attachment":[{"href":"https:\/\/www.elbenwald.de\/Festival\/wp-json\/wp\/v2\/media?parent=928"}],"curies":[{"name":"wp","href":"https:\/\/api.w.org\/{rel}","templated":true}]}}