{"id":8677,"date":"2025-12-12T16:03:26","date_gmt":"2025-12-12T15:03:26","guid":{"rendered":"https:\/\/www.elbenwald.de\/Festival\/?page_id=8677"},"modified":"2025-12-12T16:03:26","modified_gmt":"2025-12-12T15:03:26","slug":"vogelsang","status":"publish","type":"page","link":"https:\/\/www.elbenwald.de\/Festival\/line-up\/vogelsang\/","title":{"rendered":"Vogelsang"},"content":{"rendered":"<h2>Vogelsang<\/h2>\n<figure id=\"attachment_10017\" aria-describedby=\"caption-attachment-10017\" style=\"width: 500px\" class=\"wp-caption alignright\"><img loading=\"lazy\" decoding=\"async\" class=\"wp-image-10017\" title=\"Vogelsang\" src=\"https:\/\/www.elbenwald.de\/Festival\/wp-content\/uploads\/vogelsang_768x768px-300x300.jpg\" alt=\"Vier Musiker posieren in stilvollen, dunklen Outfits vor einer gr\u00fcnen Kulisse beim Elbenwald Festival, einem einzigartigen Event, das Musik und Nerdkultur vereint. Die Atmosph\u00e4re ist lebhaft und kreativ, ideal f\u00fcr Fans von Fantasy und Musik.\" width=\"500\" height=\"500\" srcset=\"https:\/\/www.elbenwald.de\/Festival\/wp-content\/uploads\/vogelsang_768x768px-300x300.jpg 300w, https:\/\/www.elbenwald.de\/Festival\/wp-content\/uploads\/vogelsang_768x768px-150x150.jpg 150w, https:\/\/www.elbenwald.de\/Festival\/wp-content\/uploads\/vogelsang_768x768px.jpg 768w\" sizes=\"auto, (max-width: 500px) 100vw, 500px\" \/><figcaption id=\"caption-attachment-10017\" class=\"wp-caption-text\">Vogelsang<\/figcaption><\/figure>\n<p>Wir k\u00f6nnten mit seinen musikalischen Wurzeln anfangen, auf sein Schauspielstudium eingehen oder ein paar beeindruckende Zahlen nennen. Machen wir auch alles, aber sp\u00e4ter. Denn <strong>Vogelsang<\/strong> hat uns mit seiner Poesie, seinem Humor und seinem Klang \u00fcberzeugt \u2013 und das mit nur einen einzigen Song: Nerds! Und da m\u00fcssen wir einfach kurz zitieren:<\/p>\n<blockquote><p><em>Knock Knock Neo, folg dem weissen Hasen in den Bau<br \/>\nwelche Pille nimmst du rot oder blau?<\/em><\/p>\n<p>Wirf den Ring ins Feuer &#8211; Mein Schatz<br \/>\nOder schwing\u2019 dich auf dein\u2019 Besen und jage den Schnatz<\/p>\n<p>A long time Ago, in a Galaxy far away<br \/>\nDas hier ist Fledermausland! Wir k\u00f6nnen nicht halten, okay?<\/p>\n<p>Mix dir \u2019n White Russian, der Dude ist hier<br \/>\nEin Pferdekopf im Bett, ein Fisch in Zeitungspapier<\/p><\/blockquote>\n<p>Und das ist nur der erste Vers! Wenn du jetzt noch die Referenzen zu <strong>Monkey Island<\/strong>, <strong>Day of the Tentacle<\/strong>, <strong>Scrubs<\/strong>, <strong>Street Fighter<\/strong>, <strong>Diablo<\/strong>, <strong>The Walking Dead<\/strong>, <strong>Dexter<\/strong>, <strong>Breaking Bad<\/strong>, <strong>Game of Thrones<\/strong> und so weiter h\u00f6ren willst, empfehlen wir dir einen beherzten: <a title=\"Nerd auf Spotify\" href=\"https:\/\/open.spotify.com\/intl-de\/track\/7vBOaTkFVTW6vigdsktjT0?si=6549458797a74886\" target=\"_blank\" rel=\"noopener\">KLICK!<\/a><\/p>\n<h3>Von der B\u00fchne auf die B\u00fchne<\/h3>\n<p>Vor seiner Musikkarriere studierte S\u00f6ren Schauspiel am Europ\u00e4ischen Theaterinstitut in Berlin \u2013 ein Background, der bis heute in all seinen Projekten durchscheint. Besonders beim Comedy-Musik-Duo <strong>Das Niveau<\/strong>, das er 2008 zusammen mit Autor <strong>Martin Spie\u00df<\/strong> gr\u00fcndete. Davor war er auch schon drei Jahre lang mit der Mittelalterband <strong>Adivarius<\/strong> unterwegs.<\/p>\n<p>2010 startete er schlie\u00dflich solo durch, 2011 folgte das erste Album Augenblick \u2013 \u00fcbrigens das erste deutsche Musikprojekt, das per Crowdfunding finanziert wurde. Innerhalb von nur vier Tagen! Auch die beiden Nachfolger Fernweh und Optimus Prime entstanden mit Fanunterst\u00fctzung. Besonders Optimus Prime zeigt dabei die stilistische Bandbreite des musikalischen Tausendsassas: Ob Pop, Folk, Indie, Singer-Songwriter oder Hip-Hop \u2013 S\u00f6ren beherrscht gef\u00fchlt jedes Genre. Die verbindenden Elemente sind stets seine charakteristische Stimme und die feinen Texte.<\/p>\n<p>Mit seiner Musik hat er sich eine treue Fanbase aufgebaut, 14.000 Abonnenten auf <a title=\"S\u00f6ren Vogelsang YouTube\" href=\"https:\/\/www.youtube.com\/channel\/UC64QXcoqnHfABnV1RruzOvQ\" target=\"_blank\" rel=\"noopener\">YouTube<\/a> und um die 10.000 monatlichen H\u00f6rern auf <a title=\"S\u00f6ren Vogelsang Spotify\" href=\"https:\/\/open.spotify.com\/intl-de\/artist\/282qGm7AIB7C4E0Lp0zxBb?si=AS9hopYyQ_y2wJbBivbwPQ\" target=\"_blank\" rel=\"noopener\">Spotify<\/a>, vor allem aber auch in etlichen Livestreams. All das hei\u00dft aber nicht, dass S\u00f6ren ein Internetmusiker w\u00e4re \u2013 im Gegenteil, live dreht er erst so richtig auf! Kein Wunder, dass er schon die B\u00fchne mit Gr\u00f6\u00dfen wie <strong>Versengold<\/strong>, <strong>Saltatio Mortis<\/strong> oder <strong>Mr. Hurley &amp; die Pulveraffen<\/strong> geteilt hat. Und die waren auch alle schon auf dem <strong><a title=\"Startseite\" href=\"https:\/\/www.elbenwald.de\/Festival\/\">Elbenwald Festival<\/a><\/strong>. H\u00f6chste Zeit also, S\u00f6ren auch bei uns zu begr\u00fc\u00dfen!<\/p>\n<p><a class=\"button\" href=\"https:\/\/festival.elbenwald.de\/tickets\/\" rel=\"noopener\">Jetzt Ticket sichern<\/a><\/p>\n<p><a class=\"button-minimal\" href=\"https:\/\/www.elbenwald.de\/Festival\/line-up\/\" rel=\"noopener\">Zum Line-Up<\/a><\/p>\n<div class=\"video-container\"><iframe loading=\"lazy\" src=\"https:\/\/www.youtube.com\/embed\/w3EsjFNguJM\" width=\"560\" height=\"315\" frameborder=\"0\" allowfullscreen=\"allowfullscreen\"><\/iframe><\/div>\n","protected":false},"excerpt":{"rendered":"<p>Mit nur einem Song hat er uns gekriegt: Der musikalische Tausendsassa Vogelsang bringt seine unverwechselbare Stimme auf die Elbenwald Festival-B\u00fchne!<\/p>\n","protected":false},"author":4,"featured_media":10018,"parent":30,"menu_order":600,"comment_status":"closed","ping_status":"closed","template":"templates\/grid-page.php","meta":{"inline_featured_image":false,"footnotes":""},"class_list":["post-8677","page","type-page","status-publish","has-post-thumbnail","hentry"],"aioseo_notices":[],"_links":{"self":[{"href":"https:\/\/www.elbenwald.de\/Festival\/wp-json\/wp\/v2\/pages\/8677","targetHints":{"allow":["GET"]}}],"collection":[{"href":"https:\/\/www.elbenwald.de\/Festival\/wp-json\/wp\/v2\/pages"}],"about":[{"href":"https:\/\/www.elbenwald.de\/Festival\/wp-json\/wp\/v2\/types\/page"}],"author":[{"embeddable":true,"href":"https:\/\/www.elbenwald.de\/Festival\/wp-json\/wp\/v2\/users\/4"}],"replies":[{"embeddable":true,"href":"https:\/\/www.elbenwald.de\/Festival\/wp-json\/wp\/v2\/comments?post=8677"}],"version-history":[{"count":16,"href":"https:\/\/www.elbenwald.de\/Festival\/wp-json\/wp\/v2\/pages\/8677\/revisions"}],"predecessor-version":[{"id":10046,"href":"https:\/\/www.elbenwald.de\/Festival\/wp-json\/wp\/v2\/pages\/8677\/revisions\/10046"}],"up":[{"embeddable":true,"href":"https:\/\/www.elbenwald.de\/Festival\/wp-json\/wp\/v2\/pages\/30"}],"wp:featuredmedia":[{"embeddable":true,"href":"https:\/\/www.elbenwald.de\/Festival\/wp-json\/wp\/v2\/media\/10018"}],"wp:attachment":[{"href":"https:\/\/www.elbenwald.de\/Festival\/wp-json\/wp\/v2\/media?parent=8677"}],"curies":[{"name":"wp","href":"https:\/\/api.w.org\/{rel}","templated":true}]}}