{"id":8377,"date":"2024-08-12T14:45:07","date_gmt":"2024-08-12T12:45:07","guid":{"rendered":"https:\/\/www.elbenwald.de\/Festival\/?page_id=8377"},"modified":"2025-12-12T15:55:30","modified_gmt":"2025-12-12T14:55:30","slug":"line-up-2024-archiv","status":"publish","type":"page","link":"https:\/\/www.elbenwald.de\/Festival\/line-up\/line-up-2024-archiv\/","title":{"rendered":"Line-up 2024 (Archiv)"},"content":{"rendered":"<p>Mach dich bereit f\u00fcr einen Streifzug durch die Erinnerungen des Elbenwald Festivals 2024! Egal, ob du selbst dabei warst oder nur davon tr\u00e4umst, was du verpasst haben k\u00f6nntest \u2013 hier findest du das Line-up, das dieses Jahr verzaubert hat.<\/p>\n<ul style=\"-moz-columns: 350px 3; -webkit-columns: 350px 3; columns: 350px 3; -webkit-column-gap: 20px; -moz-column-gap: 20px; column-gap: 20px;\">\n<li>Saltatio Mortis<\/li>\n<li>Querbeat<\/li>\n<li>The Kiffness<\/li>\n<li>RAUM27<\/li>\n<li>The Magic Mumble Jumble<\/li>\n<li>Haggefugg<\/li>\n<li>#zweiraumsilke<\/li>\n<li>Monsters of Liedermaching<\/li>\n<li>Nerds at Raves<\/li>\n<li>Hi! Spencer<\/li>\n<li>Hasenscheisse<\/li>\n<li>Bina Bianca<\/li>\n<li>Harpo Speaks!!<\/li>\n<li>Adam Wendler<\/li>\n<li>Abandoned Dogs<\/li>\n<li>Elbenwald in Concert<\/li>\n<li>DarkViktory &amp; Kostas Kind<\/li>\n<li>Max Grimm<\/li>\n<li>Sven Bensmann<\/li>\n<li>Tommy Krappweis<\/li>\n<li>eosAndy<\/li>\n<li>Asuka Lionera<\/li>\n<li>Babsi Schwarz<\/li>\n<li>Julia Kuhn<\/li>\n<li>Dana M\u00fcller-Braun<\/li>\n<li>Laura Cardea<\/li>\n<li>Mikkel Robrahn<\/li>\n<li>501st Legion<\/li>\n<li>DagiLP<\/li>\n<li>Liberiarium<\/li>\n<li>Benjamin Bl\u00fcmchen<\/li>\n<li>Die Roten Adler<\/li>\n<li>Finsterwacht Panel + Q&amp;A zum #1 Album<\/li>\n<li>Synchro-Talk<\/li>\n<li>MooEntertainment<\/li>\n<li>Tom Ferenc<\/li>\n<li>Derya Akyol<\/li>\n<li>Nicholas Rathod<\/li>\n<li>Franciska Friede<\/li>\n<li>Martin Sabel<\/li>\n<li>SajaLyn<\/li>\n<li>Paul Burghardt<\/li>\n<li>SaKiDe<\/li>\n<li>Olaf Unzel<\/li>\n<li>Eisspin, der sehr Schreckliche<\/li>\n<li>MMM Larp<\/li>\n<li>Jack Pop&#8217;s Hollywood Science Show<\/li>\n<li>Tobias M. Eckrich<\/li>\n<li>Marcel R. B\u00fclles<\/li>\n<li>SmallTolk<\/li>\n<li>Historische T\u00e4nze<\/li>\n<li>Karaoke<\/li>\n<li>Gamesroom by Nerdistan<\/li>\n<li>Ompah Kunstreitshow<\/li>\n<li>Pegasus Brettspiel-Area<\/li>\n<li>Percy-Jackson-Talk<\/li>\n<li>Ukulele Workshop<\/li>\n<li>Viiilicious<\/li>\n<li>M\u00fcnchner Wolpertinger<\/li>\n<li>Deluminators Dresden<\/li>\n<li>Typisch Ravenclaw<\/li>\n<li>QuizNightShow<\/li>\n<li>Dinosaurier Park<\/li>\n<li>Roleplay Village<\/li>\n<li>Dr. Dungeon<\/li>\n<li>Cosplay Repair<\/li>\n<li>StuRa Maid Caf\u00e9<\/li>\n<li>Origami<\/li>\n<li>Kobud\u014d<\/li>\n<li>Berlin Mahjong Club<\/li>\n<li>Phoenix Wands<\/li>\n<li>Cosplay Catwalk<\/li>\n<li>Carlsen Manga Lounge<\/li>\n<li>Kiddinx Lausch-Ecke<\/li>\n<li>Pok\u00e9mon<\/li>\n<li>Mattel<\/li>\n<li>Ulisses<\/li>\n<li>Schauspiel-Workshop<\/li>\n<li>Basteln mit Damana<\/li>\n<li>Basteln mit Janina<\/li>\n<li>BTU Schmuck-Workshop<\/li>\n<li>Zauberst\u00e4be Basteln<\/li>\n<li>Mitmachzirkus<\/li>\n<li>Artist Alley<\/li>\n<li>Cosplay Contest<\/li>\n<li>Elbenwald XXL Store<\/li>\n<li>Glitzertattoos<\/li>\n<li>Meet &amp; Greet<\/li>\n<li>Dragon Workshop<\/li>\n<li>Piraterie<\/li>\n<li>Bingo by Quizlabor<\/li>\n<li>Speechless Bard<\/li>\n<\/ul>\n<div style=\"width: 100%; background: linear-gradient(4deg, rgba(28,25,58,1) 38%, rgba(96,45,96,1) 100%); margin: 40px 0;\">\n<div style=\"text-align: center; max-width: 600px; margin: 0 auto;\"><a href=\"https:\/\/www.elbenwald.de\/Festival\/line-up\/\"><img decoding=\"async\" style=\"display: block;\" src=\"https:\/\/www.elbenwald.de\/Festival\/wp-content\/uploads\/ewf24-lineup_nobg.png\" alt=\"Elbenwald Festival 2024: Line-up\" \/><\/a><\/div>\n<\/div>\n<p>Falls dir die Namen nicht ausreichen, findest du <a title=\"Festival Impressionen 2024\" href=\"https:\/\/www.elbenwald.de\/Festival\/festival-impressionen-2024\/\">hier ganz viele Fotos<\/a> vom Festival.<\/p>\n","protected":false},"excerpt":{"rendered":"<p>Mach dich bereit f\u00fcr einen Streifzug durch die Erinnerungen des Elbenwald Festivals 2024! Ob du dabei warst oder tr\u00e4umst, was du verpasst hast \u2013 hier ist das Line-up, das dieses Jahr verzaubert hat.<\/p>\n","protected":false},"author":5,"featured_media":8384,"parent":30,"menu_order":59999,"comment_status":"closed","ping_status":"closed","template":"templates\/grid-page.php","meta":{"inline_featured_image":false,"footnotes":""},"class_list":["post-8377","page","type-page","status-publish","has-post-thumbnail","hentry"],"aioseo_notices":[],"_links":{"self":[{"href":"https:\/\/www.elbenwald.de\/Festival\/wp-json\/wp\/v2\/pages\/8377","targetHints":{"allow":["GET"]}}],"collection":[{"href":"https:\/\/www.elbenwald.de\/Festival\/wp-json\/wp\/v2\/pages"}],"about":[{"href":"https:\/\/www.elbenwald.de\/Festival\/wp-json\/wp\/v2\/types\/page"}],"author":[{"embeddable":true,"href":"https:\/\/www.elbenwald.de\/Festival\/wp-json\/wp\/v2\/users\/5"}],"replies":[{"embeddable":true,"href":"https:\/\/www.elbenwald.de\/Festival\/wp-json\/wp\/v2\/comments?post=8377"}],"version-history":[{"count":8,"href":"https:\/\/www.elbenwald.de\/Festival\/wp-json\/wp\/v2\/pages\/8377\/revisions"}],"predecessor-version":[{"id":8388,"href":"https:\/\/www.elbenwald.de\/Festival\/wp-json\/wp\/v2\/pages\/8377\/revisions\/8388"}],"up":[{"embeddable":true,"href":"https:\/\/www.elbenwald.de\/Festival\/wp-json\/wp\/v2\/pages\/30"}],"wp:featuredmedia":[{"embeddable":true,"href":"https:\/\/www.elbenwald.de\/Festival\/wp-json\/wp\/v2\/media\/8384"}],"wp:attachment":[{"href":"https:\/\/www.elbenwald.de\/Festival\/wp-json\/wp\/v2\/media?parent=8377"}],"curies":[{"name":"wp","href":"https:\/\/api.w.org\/{rel}","templated":true}]}}