{"id":7792,"date":"2025-12-12T16:03:26","date_gmt":"2025-12-12T15:03:26","guid":{"rendered":"https:\/\/www.elbenwald.de\/Festival\/?page_id=7792"},"modified":"2025-12-12T16:03:26","modified_gmt":"2025-12-12T15:03:26","slug":"bingo-by-quizlabor","status":"publish","type":"page","link":"https:\/\/www.elbenwald.de\/Festival\/line-up\/bingo-by-quizlabor\/","title":{"rendered":"Bingo by Quizlabor"},"content":{"rendered":"<h2>Bingo by Quizlabor<\/h2>\n<figure id=\"attachment_10016\" aria-describedby=\"caption-attachment-10016\" style=\"width: 500px\" class=\"wp-caption alignright\"><img loading=\"lazy\" decoding=\"async\" class=\"wp-image-10016\" title=\"Bingo by Quizlabor, Foto: Gina Wetzler\" src=\"https:\/\/www.elbenwald.de\/Festival\/wp-content\/uploads\/bingo_768x768px-300x300.jpg\" alt=\"Zwei Moderatoren auf der B\u00fchne des Elbenwald Festivals, die mit Mikrofonen in der Hand das Publikum unterhalten. Sie tragen auff\u00e4llige Outfits und stehen vor einem Tisch mit technischen Ger\u00e4ten und Notizen, w\u00e4hrend die B\u00fchnenbeleuchtung im Hintergrund leuchtet.\" width=\"500\" height=\"500\" srcset=\"https:\/\/www.elbenwald.de\/Festival\/wp-content\/uploads\/bingo_768x768px-300x300.jpg 300w, https:\/\/www.elbenwald.de\/Festival\/wp-content\/uploads\/bingo_768x768px-150x150.jpg 150w, https:\/\/www.elbenwald.de\/Festival\/wp-content\/uploads\/bingo_768x768px.jpg 768w\" sizes=\"auto, (max-width: 500px) 100vw, 500px\" \/><figcaption id=\"caption-attachment-10016\" class=\"wp-caption-text\">Bingo by Quizlabor, Foto: Gina Wetzler<\/figcaption><\/figure>\n<p>Warmes Licht umh\u00fcllt eine goldene Trommel, das sich in gl\u00e4nzenden Kugeln endlos reflektiert. Ein Rascheln von Zetteln f\u00fcllt den Raum, Anspannung liegt in der Luft. Pl\u00f6tzlich wird es laut, als sich die Trommel krachend in Bewegung setzt. Eine der Kugeln schleift \u00fcber Metall, bevor eine feste Stimme einen Buchstaben und eine Zahl verk\u00fcndet. Die Spannung entl\u00e4dt sich in einer Mischung aus kollektivem Seufzen und eiligem Gekrickel \u2013 und einem lauten Ruf: &#8222;Bingo!&#8220;<\/p>\n<p>Ja, okay. Das ist nicht unbedingt das Bild, was die meisten im Kopf haben, wenn sie an die Gesellschaftsspielvariante von Lotto a.k.a. Bingo denken. Viele haben \u00e4ltere Herrschaften in einem Altersheim vor Augen (Danke, Better Call Saul), andere erinnern sich an aktivit\u00e4tengef\u00fcllte Familienurlaube ihrer Kindheit. Aber keine Angst, nichts davon, nicht mal die schweren B\u00e4lle mit Zahlen und Buchstaben, erwartet dich beim Bingo auf dem Elbenwald Festival! Hier wird Musik-Bingo gespielt! Moderiert wird das Ganze von <strong>Stephan<\/strong> und <strong>Georg<\/strong> vom <strong><a title=\"Quizlabor Website\" href=\"https:\/\/www.quizlabor.de\/\" target=\"_blank\" rel=\"noopener\">Quizlabor<\/a><\/strong>, unsere Variante einer Spa\u00dfgarantie.<\/p>\n<h3>Lotto, Beano, Bingo?<\/h3>\n<p>Die grundlegende Idee von Bingo ist schon ziemlich alt. In Italien wurde schon im fr\u00fchen 16. Jahrhundert ein Gl\u00fccksspiel namens Lotto gespielt, das sehr nah am heutigen Bingo war. Auch in Frankreich gab es bereits 1778 eine Bingo-Variante namens Le Lotto, die zur Grundlage f\u00fcr das moderne Design wurde. Das Bingo, wie wir es heute kennen, stammt allerdings aus den USA. In den fr\u00fchen 1920er Jahren entwickelte und standardisierte Hugh J. Ward das Spiel auf Jahrm\u00e4rkten und lie\u00df es urheberrechtlich sch\u00fctzen. Weiter popularisiert wurde es dann von Edwin Lowe, der dem Spiel, indirekt, auch seinen Namen gab.<\/p>\n<p>1929 entdeckte er n\u00e4mlich ein paar Spanier auf einem Jahrmarkt, die nach Wards Regeln spielten und die gezogenen Zahlen mit getrockneten Bohnen abdeckten. Folgerichtig hie\u00df das Spiel Beano, was auch der Begriff war, den man rufen musste, wenn man seinen Zettel vervollst\u00e4ndigt hatte. Der Name Bingo entstandt angeblich, als Lowe Beano nach New York brachte und eine Gewinnerin im Eifer des Gefechts &#8222;Bingo&#8220; statt &#8222;Beano&#8220; schrie. Was sich f\u00fcr Lowe schlicht besser anh\u00f6rte und ihn zur Umbenennung bewog. Das von ihm produzierte Spiel gab es f\u00fcr 1 Dollar zu kaufen und verbreitete sich erst in den USA und dann im Rest der Welt.<\/p>\n<p><a class=\"button\" href=\"https:\/\/festival.elbenwald.de\/tickets\/\" rel=\"noopener\">Jetzt Ticket sichern<\/a><\/p>\n<p><a class=\"button-minimal\" href=\"https:\/\/www.elbenwald.de\/Festival\/line-up\/\" rel=\"noopener\">Zum Line-Up<\/a><\/p>\n","protected":false},"excerpt":{"rendered":"<p>Willk\u00fcrliche Kombinationen aus Zahlen und Buchstaben sind uns zu langweilig. Stephan und Georg vom Quizlabor pr\u00e4sentieren ein gro\u00dfes Musik-Bingo!<\/p>\n","protected":false},"author":4,"featured_media":10019,"parent":30,"menu_order":1300,"comment_status":"closed","ping_status":"closed","template":"templates\/grid-page.php","meta":{"inline_featured_image":false,"footnotes":""},"class_list":["post-7792","page","type-page","status-publish","has-post-thumbnail","hentry"],"aioseo_notices":[],"_links":{"self":[{"href":"https:\/\/www.elbenwald.de\/Festival\/wp-json\/wp\/v2\/pages\/7792","targetHints":{"allow":["GET"]}}],"collection":[{"href":"https:\/\/www.elbenwald.de\/Festival\/wp-json\/wp\/v2\/pages"}],"about":[{"href":"https:\/\/www.elbenwald.de\/Festival\/wp-json\/wp\/v2\/types\/page"}],"author":[{"embeddable":true,"href":"https:\/\/www.elbenwald.de\/Festival\/wp-json\/wp\/v2\/users\/4"}],"replies":[{"embeddable":true,"href":"https:\/\/www.elbenwald.de\/Festival\/wp-json\/wp\/v2\/comments?post=7792"}],"version-history":[{"count":8,"href":"https:\/\/www.elbenwald.de\/Festival\/wp-json\/wp\/v2\/pages\/7792\/revisions"}],"predecessor-version":[{"id":10034,"href":"https:\/\/www.elbenwald.de\/Festival\/wp-json\/wp\/v2\/pages\/7792\/revisions\/10034"}],"up":[{"embeddable":true,"href":"https:\/\/www.elbenwald.de\/Festival\/wp-json\/wp\/v2\/pages\/30"}],"wp:featuredmedia":[{"embeddable":true,"href":"https:\/\/www.elbenwald.de\/Festival\/wp-json\/wp\/v2\/media\/10019"}],"wp:attachment":[{"href":"https:\/\/www.elbenwald.de\/Festival\/wp-json\/wp\/v2\/media?parent=7792"}],"curies":[{"name":"wp","href":"https:\/\/api.w.org\/{rel}","templated":true}]}}