{"id":442,"date":"2017-12-19T15:24:16","date_gmt":"2017-12-19T14:24:16","guid":{"rendered":"https:\/\/www.elbenwald.de\/Festival\/?page_id=442"},"modified":"2025-12-10T10:52:43","modified_gmt":"2025-12-10T09:52:43","slug":"fuchsbau-tipi","status":"publish","type":"page","link":"https:\/\/www.elbenwald.de\/Festival\/wohnen\/fuchsbau-tipi\/","title":{"rendered":"Fuchsbau-Tipi"},"content":{"rendered":"<h2>Fuchsbau-Tipi<\/h2>\n<p><img loading=\"lazy\" decoding=\"async\" class=\"alignright wp-image-9987\" title=\"Fuchsbau-Tipi\" src=\"https:\/\/www.elbenwald.de\/Festival\/wp-content\/uploads\/fuchsbau-tipi_768x768px-300x300.jpg\" alt=\"Zelt im Freien beim Elbenwald Festival, umgeben von B\u00e4umen. Das Zelt hat eine offene Eingangst\u00fcr, die einen Blick auf zwei Schlafpl\u00e4tze im Inneren bietet. Rasenfl\u00e4che und weitere Zelte im Hintergrund schaffen eine einladende Festivalatmosph\u00e4re.\" width=\"500\" height=\"500\" srcset=\"https:\/\/www.elbenwald.de\/Festival\/wp-content\/uploads\/fuchsbau-tipi_768x768px-300x300.jpg 300w, https:\/\/www.elbenwald.de\/Festival\/wp-content\/uploads\/fuchsbau-tipi_768x768px-150x150.jpg 150w, https:\/\/www.elbenwald.de\/Festival\/wp-content\/uploads\/fuchsbau-tipi_768x768px.jpg 768w\" sizes=\"auto, (max-width: 500px) 100vw, 500px\" \/><\/p>\n<p>Du suchst eine puristische Camping-Erfahrung, m\u00f6chtest aber nicht auf eine Prise Komfort verzichten? Und du willst auf jeden Fall deine Freund:innen dabei haben? Wunderbar, genau f\u00fcr diesen Fall haben wir das Fuchsbau-Tipi im Angebot! Hier bekommst du ein gem\u00fctliches Tipi-Zelt, das mit vier Klappst\u00fchlen, einem Tisch und vier Feldbetten ausgestattet ist. Bettw\u00e4sche, Decke oder Kissen sind allerdings nicht dabei, du bringst also am besten einen Schlafsack mit. Daf\u00fcr ist eine praktische Innenbeleuchtung f\u00fcr n\u00e4chtliches Lesen (oder was auch immer) mit an Bord. Dazu kommt das Highlight eines jeden Festivalgasts: ein eigener Stromanschluss!<\/p>\n<h4>Highlights<\/h4>\n<ul>\n<li>Vier Feldbetten<\/li>\n<li>Vier Klappst\u00fchle und ein Tisch<\/li>\n<li>Ein Spiegel und eine Garderobe<\/li>\n<li>Wind- und wetterfest und trotzdem atmungsaktiv<\/li>\n<li>Mit Innenbeleuchtung<\/li>\n<li>Eigener Stromanschluss<\/li>\n<li>Beste Lage auf dem Auenland-Gel\u00e4nde<\/li>\n<\/ul>\n<p><a class=\"button\" href=\"https:\/\/festival.elbenwald.de\/fuchsbau-tipi-elbenwald-festival-2026\" target=\"_blank\" rel=\"noopener noreferrer\">ZUM ZELT &#8211; 819 \u20ac<\/a><\/p>\n<p><a class=\"button\" href=\"https:\/\/festival.elbenwald.de\/Camping-Ticket-Elbenwald-Festival-2026\" target=\"_blank\" rel=\"noopener noreferrer\">Camping-Ticket 50 \u20ac<\/a><\/p>\n<p><em>Hinweis: Die Nutzung dieser Campingvariante ist nur in Verbindung mit je einem regul\u00e4ren Mehrtagesticket und einem Campingticket pro Person m\u00f6glich.<\/em><\/p>\n","protected":false},"excerpt":{"rendered":"<p>Ein wundersch\u00f6nes Ambiente, Platz f\u00fcr bis zu vier Freunde und eine Prise Komfort? Eine einzigartige Kombination, die nur unsere Tipi-Zelte bieten.<\/p>\n","protected":false},"author":4,"featured_media":9986,"parent":39,"menu_order":50,"comment_status":"closed","ping_status":"closed","template":"templates\/grid-page.php","meta":{"inline_featured_image":false,"footnotes":""},"class_list":["post-442","page","type-page","status-publish","has-post-thumbnail","hentry"],"aioseo_notices":[],"_links":{"self":[{"href":"https:\/\/www.elbenwald.de\/Festival\/wp-json\/wp\/v2\/pages\/442","targetHints":{"allow":["GET"]}}],"collection":[{"href":"https:\/\/www.elbenwald.de\/Festival\/wp-json\/wp\/v2\/pages"}],"about":[{"href":"https:\/\/www.elbenwald.de\/Festival\/wp-json\/wp\/v2\/types\/page"}],"author":[{"embeddable":true,"href":"https:\/\/www.elbenwald.de\/Festival\/wp-json\/wp\/v2\/users\/4"}],"replies":[{"embeddable":true,"href":"https:\/\/www.elbenwald.de\/Festival\/wp-json\/wp\/v2\/comments?post=442"}],"version-history":[{"count":59,"href":"https:\/\/www.elbenwald.de\/Festival\/wp-json\/wp\/v2\/pages\/442\/revisions"}],"predecessor-version":[{"id":9988,"href":"https:\/\/www.elbenwald.de\/Festival\/wp-json\/wp\/v2\/pages\/442\/revisions\/9988"}],"up":[{"embeddable":true,"href":"https:\/\/www.elbenwald.de\/Festival\/wp-json\/wp\/v2\/pages\/39"}],"wp:featuredmedia":[{"embeddable":true,"href":"https:\/\/www.elbenwald.de\/Festival\/wp-json\/wp\/v2\/media\/9986"}],"wp:attachment":[{"href":"https:\/\/www.elbenwald.de\/Festival\/wp-json\/wp\/v2\/media?parent=442"}],"curies":[{"name":"wp","href":"https:\/\/api.w.org\/{rel}","templated":true}]}}