{"id":2031,"date":"2025-12-12T16:03:25","date_gmt":"2025-12-12T15:03:25","guid":{"rendered":"https:\/\/www.elbenwald.de\/Festival\/?page_id=2031"},"modified":"2025-12-12T16:03:25","modified_gmt":"2025-12-12T15:03:25","slug":"dartagnan","status":"publish","type":"page","link":"https:\/\/www.elbenwald.de\/Festival\/line-up\/dartagnan\/","title":{"rendered":"dArtagnan"},"content":{"rendered":"<h2>dArtagnan<\/h2>\n<figure id=\"attachment_10003\" aria-describedby=\"caption-attachment-10003\" style=\"width: 500px\" class=\"wp-caption alignright\"><img loading=\"lazy\" decoding=\"async\" class=\"wp-image-10003\" title=\"dArtagnan\" src=\"https:\/\/www.elbenwald.de\/Festival\/wp-content\/uploads\/dartagnan_768x768px-300x300.jpg\" alt=\"F\u00fcnf Charaktere in historischer Piratenkleidung posieren dramatisch vor einem nebligen Hintergrund. Die Szene strahlt Abenteuer und Fantasie aus, ideal f\u00fcr das Elbenwald Festival, das Musik und Nerd-Kultur vereint.\" width=\"500\" height=\"500\" srcset=\"https:\/\/www.elbenwald.de\/Festival\/wp-content\/uploads\/dartagnan_768x768px-300x300.jpg 300w, https:\/\/www.elbenwald.de\/Festival\/wp-content\/uploads\/dartagnan_768x768px-150x150.jpg 150w, https:\/\/www.elbenwald.de\/Festival\/wp-content\/uploads\/dartagnan_768x768px.jpg 768w\" sizes=\"auto, (max-width: 500px) 100vw, 500px\" \/><figcaption id=\"caption-attachment-10003\" class=\"wp-caption-text\">dArtagnan<\/figcaption><\/figure>\n<p>Die deutsche Folk-Rock-Band \u2026 sorry, von vorn: Die Musketierrocker <strong>dArtagnan<\/strong> haben einiges mit ihrem Namensvorbild <strong>Charles de Batz de Castelmore<\/strong> a.k.a. d\u2019Artagnan gemeinsam. Okay, vielleicht nicht so sehr den milit\u00e4rischen Hintergrund, der im Falle der historischen Figur, die einen Weltroman inspirierte, im Tod bei der <a title=\"Belagerung von Maastricht Wikipedia\" href=\"https:\/\/de.wikipedia.org\/wiki\/Belagerung_von_Maastricht_(1673)\" target=\"_blank\" rel=\"noopener\">Belagerung von Maastricht<\/a> 1673 endete. Wohl aber den krassen Karriereverlauf!<\/p>\n<p>Uns jedenfalls f\u00e4llt nicht sofort eine Newcomerband ein, die direkt einen Plattenvertrag bei einem Major-Label bekommt, mit dem ersten Album auf Platz sieben der Charts einsteigt und sich mit einer Neuver\u00f6ffentlichung ihres Erstlingswerk auch noch die Goldene Schallplatte schnappt.<\/p>\n<p>Dass dieser Erfolg kein Zufall war, beweist die Zeit danach \u2013 denn es ging einfach immer so weiter. Vier der f\u00fcnf folgenden Alben schafften sogar noch h\u00f6here Chartplatzierungen, wobei die einzige Ausnahme so knapp an der Top 10 vorbeischrammte, wie es eben nur geht: Verehrt &amp; verdammt kam 2017 &#8222;nur&#8220; auf Platz 11.<\/p>\n<p>Aber genug von den CDs. So sch\u00f6n und unterhaltsam sie sind, verblassen sie doch gegen das, was <a title=\"dArtagnan Website\" href=\"http:\/\/dartagnan.de\/\" target=\"_blank\" rel=\"noopener\">dArtagnan<\/a> auszeichnet: die Live-Performance! Davon durften wir uns auch auf dem <strong><a title=\"Startseite\" href=\"https:\/\/www.elbenwald.de\/Festival\/\">Elbenwald Festival<\/a><\/strong> schon \u00fcberzeugen \u2013 im Falle von Frontmann <strong>Ben Metzner<\/strong> sogar auf ganz unterschiedliche Art und Weise!<\/p>\n<h3>Drei Freunde finden zusammen<\/h3>\n<p>Gegr\u00fcndet wurde dArtagnan im Jahr 2015 von drei Kindheitsfreunden, die schon l\u00e4nger in anderen Bands aktiv waren. Ben Metzner etwa ist schon seit 2007 S\u00e4nger, Gitarrist, Mandolinist, Dudelsacker und Rauschpfeifer bei der parodistischen Band <strong>Feuerschwanz<\/strong>, die auch schon das Elbenwald Festival unsicher machte und aus uns nicht nachvollziehbaren Gr\u00fcnden nicht zum Eurovision Song Contest 2025 fahren durfte.<\/p>\n<p>Anyway: 2014 stie\u00df Kumpel <strong>Felix Fischer<\/strong> zu Feuerschwanz und weil das so gut lief, holten sie noch ihren langj\u00e4hrigen Freund und Metalgitarristen <strong>Tim Bernard<\/strong> dazu. Zack: ward dArtagnan rund 400 Jahre nach seiner Geburt \u2026 \u00e4h, ja. Wiedergeboren. Halt als Band. Was danach passierte, haben wir ja eingangs erw\u00e4hnt. Wobei wir bislang verschwiegen haben, dass dArtagnan bei Liveauftritten zu sechst auf der B\u00fchne steht. Und ja, das sind alles gute Kumpels.<\/p>\n<p><a class=\"button\" href=\"https:\/\/festival.elbenwald.de\/\" rel=\"noopener\">Jetzt Ticket sichern<\/a><\/p>\n<p><a class=\"button-minimal\" href=\"https:\/\/www.elbenwald.de\/Festival\/line-up\/\" rel=\"noopener\">Zum Line-Up<\/a><\/p>\n<div class=\"video-container\"><iframe loading=\"lazy\" src=\"https:\/\/www.youtube.com\/embed\/7VakE8Dat8Y\" width=\"560\" height=\"315\" frameborder=\"0\" allowfullscreen=\"allowfullscreen\"><\/iframe><\/div>\n","protected":false},"excerpt":{"rendered":"<p>Gro\u00dfe Taten, Ritterlichkeit und Heldenmut \u2013 daf\u00fcr stehen die Drei Musketiere. Addiert man dazu Spa\u00df und gute Musik, bekommt man die Band dArtagnan!<\/p>\n","protected":false},"author":4,"featured_media":10002,"parent":30,"menu_order":100,"comment_status":"closed","ping_status":"closed","template":"templates\/grid-page.php","meta":{"inline_featured_image":false,"footnotes":""},"class_list":["post-2031","page","type-page","status-publish","has-post-thumbnail","hentry"],"aioseo_notices":[],"_links":{"self":[{"href":"https:\/\/www.elbenwald.de\/Festival\/wp-json\/wp\/v2\/pages\/2031","targetHints":{"allow":["GET"]}}],"collection":[{"href":"https:\/\/www.elbenwald.de\/Festival\/wp-json\/wp\/v2\/pages"}],"about":[{"href":"https:\/\/www.elbenwald.de\/Festival\/wp-json\/wp\/v2\/types\/page"}],"author":[{"embeddable":true,"href":"https:\/\/www.elbenwald.de\/Festival\/wp-json\/wp\/v2\/users\/4"}],"replies":[{"embeddable":true,"href":"https:\/\/www.elbenwald.de\/Festival\/wp-json\/wp\/v2\/comments?post=2031"}],"version-history":[{"count":15,"href":"https:\/\/www.elbenwald.de\/Festival\/wp-json\/wp\/v2\/pages\/2031\/revisions"}],"predecessor-version":[{"id":10037,"href":"https:\/\/www.elbenwald.de\/Festival\/wp-json\/wp\/v2\/pages\/2031\/revisions\/10037"}],"up":[{"embeddable":true,"href":"https:\/\/www.elbenwald.de\/Festival\/wp-json\/wp\/v2\/pages\/30"}],"wp:featuredmedia":[{"embeddable":true,"href":"https:\/\/www.elbenwald.de\/Festival\/wp-json\/wp\/v2\/media\/10002"}],"wp:attachment":[{"href":"https:\/\/www.elbenwald.de\/Festival\/wp-json\/wp\/v2\/media?parent=2031"}],"curies":[{"name":"wp","href":"https:\/\/api.w.org\/{rel}","templated":true}]}}