{"id":1836,"date":"2018-10-19T16:09:51","date_gmt":"2018-10-19T14:09:51","guid":{"rendered":"https:\/\/www.elbenwald.de\/Festival\/?page_id=1836"},"modified":"2025-12-12T15:56:18","modified_gmt":"2025-12-12T14:56:18","slug":"line-up-2018-archiv","status":"publish","type":"page","link":"https:\/\/www.elbenwald.de\/Festival\/line-up\/line-up-2018-archiv\/","title":{"rendered":"Line-up 2018 (Archiv)"},"content":{"rendered":"<p>Bei der ersten Ausgabe des <strong>Elbenwald Festivals<\/strong> haben wir ein buntes Programm aus Bands, Schauspielern, Autoren und YouTubern auf die Beine gestellt. Und weil&#8217;s so sch\u00f6n war, m\u00fcssen wir das Line-up einfach f\u00fcr die Nachwelt archivieren. Man wei\u00df schlie\u00dflich nie, wer diese Seite hier anklickt.<\/p>\n<ul style=\"-moz-columns: 350px 3; -webkit-columns: 350px 3; columns: 350px 3; -webkit-column-gap: 20px; -moz-column-gap: 20px; column-gap: 20px;\">\n<li>Tom Felton<\/li>\n<li>Jamie Campbell Bower<\/li>\n<li>Evanna Lynch<\/li>\n<li>Gro\u00dfes Film-Orchester<\/li>\n<li>Kristian Nairn<\/li>\n<li>Coldmirror<\/li>\n<li>Counterfeit<\/li>\n<li>Dr. Mark Benecke<\/li>\n<li>Fiddler\u2019s Green<\/li>\n<li>David Nathan<\/li>\n<li>Jan Hegenberg<\/li>\n<li>Versengold<span class=\"Apple-converted-space\">\u00a0<\/span><\/li>\n<li>Moop Mama<\/li>\n<li>Neelix<\/li>\n<li>Tommy Krappweis<\/li>\n<li>Dagilp<\/li>\n<li>Mr. Hurley und die Pulveraffen<\/li>\n<li>Gloryhammer<\/li>\n<li>#Zweiraumsilke<\/li>\n<li>Wolfgang Hohlbein<\/li>\n<li>Le Fly<\/li>\n<li>Layment<\/li>\n<li>Moritz Jahn<\/li>\n<li>Bernhard Hennen<\/li>\n<li>Marvin Clifford<\/li>\n<li>Dalibor Talaji\u0107<\/li>\n<li>Paul Lux<\/li>\n<li>ReadingBookChannel<\/li>\n<li>Thomas Finn<\/li>\n<li>Koenix<\/li>\n<li>T.S. Orgel<\/li>\n<li>Liza Grimm<\/li>\n<li>Kelvin Kalvus<\/li>\n<li>Forzarello<\/li>\n<\/ul>\n<p><img decoding=\"async\" style=\"width: 100%; max-width: 500px; margin: 0 auto; display: block; box-shadow: 0 0 12px rgba(0, 0, 0, 0.3);\" src=\"https:\/\/www.elbenwald.de\/Festival\/wp-content\/uploads\/ewf-lineup-2018.jpg\" alt=\"Elbenwald Festival Line-up 2018\" \/><\/p>\n","protected":false},"excerpt":{"rendered":"<p>Du willst wissen, wer beim ersten Elbenwald Festival dabei war? Das finden wir komisch, aber okay: Hier ist unser allererstes Line-up, complete and unabridged.<\/p>\n","protected":false},"author":4,"featured_media":6191,"parent":30,"menu_order":60040,"comment_status":"closed","ping_status":"closed","template":"templates\/grid-page.php","meta":{"inline_featured_image":false,"footnotes":""},"class_list":["post-1836","page","type-page","status-publish","has-post-thumbnail","hentry"],"aioseo_notices":[],"_links":{"self":[{"href":"https:\/\/www.elbenwald.de\/Festival\/wp-json\/wp\/v2\/pages\/1836","targetHints":{"allow":["GET"]}}],"collection":[{"href":"https:\/\/www.elbenwald.de\/Festival\/wp-json\/wp\/v2\/pages"}],"about":[{"href":"https:\/\/www.elbenwald.de\/Festival\/wp-json\/wp\/v2\/types\/page"}],"author":[{"embeddable":true,"href":"https:\/\/www.elbenwald.de\/Festival\/wp-json\/wp\/v2\/users\/4"}],"replies":[{"embeddable":true,"href":"https:\/\/www.elbenwald.de\/Festival\/wp-json\/wp\/v2\/comments?post=1836"}],"version-history":[{"count":8,"href":"https:\/\/www.elbenwald.de\/Festival\/wp-json\/wp\/v2\/pages\/1836\/revisions"}],"predecessor-version":[{"id":3138,"href":"https:\/\/www.elbenwald.de\/Festival\/wp-json\/wp\/v2\/pages\/1836\/revisions\/3138"}],"up":[{"embeddable":true,"href":"https:\/\/www.elbenwald.de\/Festival\/wp-json\/wp\/v2\/pages\/30"}],"wp:featuredmedia":[{"embeddable":true,"href":"https:\/\/www.elbenwald.de\/Festival\/wp-json\/wp\/v2\/media\/6191"}],"wp:attachment":[{"href":"https:\/\/www.elbenwald.de\/Festival\/wp-json\/wp\/v2\/media?parent=1836"}],"curies":[{"name":"wp","href":"https:\/\/api.w.org\/{rel}","templated":true}]}}