{"id":182,"date":"2025-12-12T16:03:26","date_gmt":"2025-12-12T15:03:26","guid":{"rendered":"https:\/\/www.elbenwald-festival.de\/?page_id=182"},"modified":"2025-12-12T16:03:26","modified_gmt":"2025-12-12T15:03:26","slug":"quiznightshow","status":"publish","type":"page","link":"https:\/\/www.elbenwald.de\/Festival\/line-up\/quiznightshow\/","title":{"rendered":"Live-Quiz by QuizNightShow"},"content":{"rendered":"<h2>Live-Quiz by QuizNightShow<\/h2>\n<figure id=\"attachment_1938\" aria-describedby=\"caption-attachment-1938\" style=\"width: 500px\" class=\"wp-caption alignright\"><img loading=\"lazy\" decoding=\"async\" class=\"wp-image-1938\" title=\"Nerd-Quiz, Foto: Kirsten Otto\" src=\"https:\/\/www.elbenwald.de\/Festival\/wp-content\/uploads\/aktivitaeten_nerd-quiz_post_2019-300x263.jpg\" alt=\"Nerd-Quiz, Foto: Kirsten Otto\" width=\"500\" height=\"438\" srcset=\"https:\/\/www.elbenwald.de\/Festival\/wp-content\/uploads\/aktivitaeten_nerd-quiz_post_2019-300x263.jpg 300w, https:\/\/www.elbenwald.de\/Festival\/wp-content\/uploads\/aktivitaeten_nerd-quiz_post_2019.jpg 768w\" sizes=\"auto, (max-width: 500px) 100vw, 500px\" \/><figcaption id=\"caption-attachment-1938\" class=\"wp-caption-text\">Nerd-Quiz mit Olaf, Foto: Kirsten Otto<\/figcaption><\/figure>\n<p>In welchem Film gab Josh Brolin sein Deb\u00fct? Welche Nummer steht auf dem Hogwarts Express? Wie hei\u00dfen die Daltons aus Lucky Luke mit Vornamen? Was ist der erste Film, in dem eine Toilette gesp\u00fclt wurde? Und welche Haarfarbe hat Benedict Cumberbatch eigentlich?*<\/p>\n<p>Fragen, die die Welt bewegen! Na gut, vielleicht nicht die Welt im Allgemeinen. Aber die Welt der Leute, auf die es ankommt. Die Filmfans! Die Potterheads! Die Comic-Begeisterten! Eben die Menschen, die sich noch f\u00fcr was begeistern k\u00f6nnen! Und sich dann auch noch auskennen.<\/p>\n<p>Genau diese Menschen brauchen die <strong>Quiz Night Show<\/strong>. Und die Quiz Night Show braucht solche Menschen! Denn die Kultveranstaltung hat es sich schon vor vielen, vielen Jahren (damals unter dem Namen <strong>Seitenquiz<\/strong>) zur Aufgabe gemacht, Fragen wie die eingangs gestellten in den Fokus zu r\u00fccken. Woche f\u00fcr Woche quizzt <strong>Olaf<\/strong> mit seinen Kolleg:innen in der Berliner Kulturbrauerei und bei anderen Veranstaltungen. Und einmal im Jahr kommt das Ganze als mittlerweile legend\u00e4res <strong>Live-Quiz<\/strong> aufs <strong><a title=\"Startseite\" href=\"https:\/\/www.elbenwald.de\/Festival\/\">Elbenwald Festival<\/a><\/strong>, so auch 2026!<\/p>\n<p>Wenn du dich also auskennst \u2013 mit den wichtigen Themen, wohlgemerkt \u2013, du Spa\u00df am Spa\u00dfhaben hast und den gesellschaftlichen Druck aush\u00e4ltst, den Wissensspiele von Natur aus mitbringen: Dann MUSST du beim Live-Quiz dabei sein! Am besten mit deinen besten Freunden. Und Feinden, damit du sie mit deinem Wissen beeindrucken kannst.<\/p>\n<p><i>*Die Antworten auf die eingangs gestellten Fragen: Die Goonies; 5972; Joe, William, Jack und Averell; Alfred Hitchcocks Psycho; rot. Aber das wusstest du ja schon.<\/i><\/p>\n<p><a class=\"button\" href=\"https:\/\/festival.elbenwald.de\/tickets\/\" rel=\"noopener\">Jetzt Ticket sichern<\/a><\/p>\n<p><a class=\"button-minimal\" href=\"https:\/\/www.elbenwald.de\/Festival\/line-up\/\" rel=\"noopener\">Zum Line-Up<\/a><\/p>\n<hr \/>\n<h3><i class=\"fa fa-camera\" aria-hidden=\"true\"><\/i> Elbenwald Live-Quiz<\/h3>\n\t\t\t<style>\r\n                #foogallery-gallery-2137.fg-masonry .fg-item {\r\n                    width: 300px;\r\n                    margin-right: 15px;\r\n                    margin-bottom: 15px;\r\n                }\r\n\t\t\t<\/style>\r\n\t\t\t<div class=\"foogallery foogallery-container foogallery-masonry foogallery-lightbox-foobox fg-masonry fg-light fg-loading-default fg-loaded-fade-in fg-caption-hover fg-hover-fade fg-hover-zoom fg-ready fg-fixed\" id=\"foogallery-gallery-2137\" data-foogallery=\"{&quot;item&quot;:{&quot;showCaptionTitle&quot;:true,&quot;showCaptionDescription&quot;:true},&quot;lazy&quot;:true,&quot;template&quot;:{&quot;columnWidth&quot;:300,&quot;gutter&quot;:15}}\" >\r\n\t\t<div class=\"fg-item fg-type-image fg-idle\"><figure class=\"fg-item-inner\"><a href=\"https:\/\/www.elbenwald.de\/Festival\/wp-content\/uploads\/nerdquiz.jpg\" data-caption-title=\"Nerdquiz, Foto: Rainer Keuenhof\" data-attachment-id=\"7541\" data-type=\"image\" class=\"fg-thumb\"><span class=\"fg-image-wrap\"><img fetchpriority=\"high\" decoding=\"async\" alt=\"Nerdquiz, Foto: Rainer Keuenhof\" title=\"Nerdquiz, Foto: Rainer Keuenhof\" width=\"300\" height=\"182\" class=\"skip-lazy fg-image\" data-src-fg=\"https:\/\/www.elbenwald.de\/Festival\/wp-content\/uploads\/cache\/nerdquiz\/165328136.jpg\" src=\"data:image\/svg+xml,%3Csvg%20xmlns%3D%22http%3A%2F%2Fwww.w3.org%2F2000%2Fsvg%22%20width%3D%22300%22%20height%3D%22182%22%20viewBox%3D%220%200%20300%20182%22%3E%3C%2Fsvg%3E\" loading=\"eager\"><\/span><span class=\"fg-image-overlay\"><\/span><\/a><figcaption class=\"fg-caption\"><div class=\"fg-caption-inner\"><div class=\"fg-caption-title\">Nerdquiz, Foto: Rainer Keuenhof<\/div><\/div><\/figcaption><\/figure><div class=\"fg-loader\"><\/div><\/div><div class=\"fg-item fg-type-image fg-idle\"><figure class=\"fg-item-inner\"><a href=\"https:\/\/www.elbenwald.de\/Festival\/wp-content\/uploads\/EWF25_LiveQuiz_RobinSchmiedebachPhoto_20250809-122359.jpg\" data-caption-title=\"Live Quiz\" data-caption-desc=\"Bild: Robin Schmiedebach\" data-attachment-id=\"9599\" data-type=\"image\" class=\"fg-thumb\"><span class=\"fg-image-wrap\"><img decoding=\"async\" alt=\"Ein Moderator steht an einem Tisch mit Laptop und Getr\u00e4nk auf der B\u00fchne des Elbenwald Festivals, w\u00e4hrend eine Gruppe von Cosplayern im Hintergrund sitzt. Der Veranstaltungsort ist mit Scheinwerfern und Pflanzen dekoriert, die eine lebendige Atmosph\u00e4re schaffen.\" title=\"Live Quiz\" width=\"300\" height=\"200\" class=\"skip-lazy fg-image\" data-src-fg=\"https:\/\/www.elbenwald.de\/Festival\/wp-content\/uploads\/cache\/EWF25_LiveQuiz_RobinSchmiedebachPhoto_20250809-122359\/2246675006.jpg\" src=\"data:image\/svg+xml,%3Csvg%20xmlns%3D%22http%3A%2F%2Fwww.w3.org%2F2000%2Fsvg%22%20width%3D%22300%22%20height%3D%22200%22%20viewBox%3D%220%200%20300%20200%22%3E%3C%2Fsvg%3E\" loading=\"eager\"><\/span><span class=\"fg-image-overlay\"><\/span><\/a><figcaption class=\"fg-caption\"><div class=\"fg-caption-inner\"><div class=\"fg-caption-title\">Live Quiz<\/div><div class=\"fg-caption-desc\">Bild: Robin Schmiedebach<\/div><\/div><\/figcaption><\/figure><div class=\"fg-loader\"><\/div><\/div><div class=\"fg-item fg-type-image fg-idle\"><figure class=\"fg-item-inner\"><a href=\"https:\/\/www.elbenwald.de\/Festival\/wp-content\/uploads\/EWF23_HarryPotterQuiz_RainerKeuenhof_R6_12949_20230812110033.jpg\" data-caption-title=\"Quiz f\u00fcr Harry Potter Fans\" data-caption-desc=\"Foto: Rainer Keuenhof\" data-attachment-id=\"7048\" data-type=\"image\" class=\"fg-thumb\"><span class=\"fg-image-wrap\"><img decoding=\"async\" title=\"Quiz f\u00fcr Harry Potter Fans\" width=\"300\" height=\"200\" class=\"skip-lazy fg-image\" data-src-fg=\"https:\/\/www.elbenwald.de\/Festival\/wp-content\/uploads\/cache\/EWF23_HarryPotterQuiz_RainerKeuenhof_R6_12949_20230812110033\/904220712.jpg\" src=\"data:image\/svg+xml,%3Csvg%20xmlns%3D%22http%3A%2F%2Fwww.w3.org%2F2000%2Fsvg%22%20width%3D%22300%22%20height%3D%22200%22%20viewBox%3D%220%200%20300%20200%22%3E%3C%2Fsvg%3E\" loading=\"eager\"><\/span><span class=\"fg-image-overlay\"><\/span><\/a><figcaption class=\"fg-caption\"><div class=\"fg-caption-inner\"><div class=\"fg-caption-title\">Quiz f\u00fcr Harry Potter Fans<\/div><div class=\"fg-caption-desc\">Foto: Rainer Keuenhof<\/div><\/div><\/figcaption><\/figure><div class=\"fg-loader\"><\/div><\/div><div class=\"fg-item fg-type-image fg-idle\"><figure class=\"fg-item-inner\"><a href=\"https:\/\/www.elbenwald.de\/Festival\/wp-content\/uploads\/EWF23_HarryPotterQuiz_RainerKeuenhof_R6_12963_20230812110747.jpg\" data-caption-title=\"Quiz f\u00fcr Harry Potter Fans\" data-caption-desc=\"Foto: Rainer Keuenhof\" data-attachment-id=\"7049\" data-type=\"image\" class=\"fg-thumb\"><span class=\"fg-image-wrap\"><img decoding=\"async\" title=\"Quiz f\u00fcr Harry Potter Fans\" width=\"300\" height=\"200\" class=\"skip-lazy fg-image\" data-src-fg=\"https:\/\/www.elbenwald.de\/Festival\/wp-content\/uploads\/cache\/EWF23_HarryPotterQuiz_RainerKeuenhof_R6_12963_20230812110747\/1882820265.jpg\" src=\"data:image\/svg+xml,%3Csvg%20xmlns%3D%22http%3A%2F%2Fwww.w3.org%2F2000%2Fsvg%22%20width%3D%22300%22%20height%3D%22200%22%20viewBox%3D%220%200%20300%20200%22%3E%3C%2Fsvg%3E\" loading=\"eager\"><\/span><span class=\"fg-image-overlay\"><\/span><\/a><figcaption class=\"fg-caption\"><div class=\"fg-caption-inner\"><div class=\"fg-caption-title\">Quiz f\u00fcr Harry Potter Fans<\/div><div class=\"fg-caption-desc\">Foto: Rainer Keuenhof<\/div><\/div><\/figcaption><\/figure><div class=\"fg-loader\"><\/div><\/div><div class=\"fg-item fg-type-image fg-idle\"><figure class=\"fg-item-inner\"><a href=\"https:\/\/www.elbenwald.de\/Festival\/wp-content\/uploads\/EWF23_HarryPotterQuiz_RainerKeuenhof_H80A2425_20230812110101.jpg\" data-caption-title=\"Quiz f\u00fcr Harry Potter Fans\" data-caption-desc=\"Foto: Rainer Keuenhof\" data-attachment-id=\"7047\" data-type=\"image\" class=\"fg-thumb\"><span class=\"fg-image-wrap\"><img decoding=\"async\" title=\"Quiz f\u00fcr Harry Potter Fans\" width=\"300\" height=\"200\" class=\"skip-lazy fg-image\" data-src-fg=\"https:\/\/www.elbenwald.de\/Festival\/wp-content\/uploads\/cache\/EWF23_HarryPotterQuiz_RainerKeuenhof_H80A2425_20230812110101\/3540491578.jpg\" src=\"data:image\/svg+xml,%3Csvg%20xmlns%3D%22http%3A%2F%2Fwww.w3.org%2F2000%2Fsvg%22%20width%3D%22300%22%20height%3D%22200%22%20viewBox%3D%220%200%20300%20200%22%3E%3C%2Fsvg%3E\" loading=\"eager\"><\/span><span class=\"fg-image-overlay\"><\/span><\/a><figcaption class=\"fg-caption\"><div class=\"fg-caption-inner\"><div class=\"fg-caption-title\">Quiz f\u00fcr Harry Potter Fans<\/div><div class=\"fg-caption-desc\">Foto: Rainer Keuenhof<\/div><\/div><\/figcaption><\/figure><div class=\"fg-loader\"><\/div><\/div><div class=\"fg-item fg-type-image fg-idle\"><figure class=\"fg-item-inner\"><a href=\"https:\/\/www.elbenwald.de\/Festival\/wp-content\/uploads\/EWF_24_Nerdquiz_RobinSchmiedebachPhoto_20240802-135650.jpg\" data-attachment-id=\"8019\" data-type=\"image\" class=\"fg-thumb\"><span class=\"fg-image-wrap\"><img decoding=\"async\" width=\"300\" height=\"191\" class=\"skip-lazy fg-image\" data-src-fg=\"https:\/\/www.elbenwald.de\/Festival\/wp-content\/uploads\/cache\/EWF_24_Nerdquiz_RobinSchmiedebachPhoto_20240802-135650\/473073024.jpg\" src=\"data:image\/svg+xml,%3Csvg%20xmlns%3D%22http%3A%2F%2Fwww.w3.org%2F2000%2Fsvg%22%20width%3D%22300%22%20height%3D%22191%22%20viewBox%3D%220%200%20300%20191%22%3E%3C%2Fsvg%3E\" loading=\"eager\"><\/span><span class=\"fg-image-overlay\"><\/span><\/a><figcaption class=\"fg-caption\"><div class=\"fg-caption-inner\"><\/div><\/figcaption><\/figure><div class=\"fg-loader\"><\/div><\/div><div class=\"fg-item fg-type-image fg-idle\"><figure class=\"fg-item-inner\"><a href=\"https:\/\/www.elbenwald.de\/Festival\/wp-content\/uploads\/ewf22_sa_tim_gross_quiz_besucher_samstag_34.jpg\" data-caption-desc=\"Foto: Elbenwald GmbH\" data-attachment-id=\"6072\" data-type=\"image\" class=\"fg-thumb\"><span class=\"fg-image-wrap\"><img decoding=\"async\" width=\"300\" height=\"240\" class=\"skip-lazy fg-image\" data-src-fg=\"https:\/\/www.elbenwald.de\/Festival\/wp-content\/uploads\/cache\/ewf22_sa_tim_gross_quiz_besucher_samstag_34\/4029229316.jpg\" src=\"data:image\/svg+xml,%3Csvg%20xmlns%3D%22http%3A%2F%2Fwww.w3.org%2F2000%2Fsvg%22%20width%3D%22300%22%20height%3D%22240%22%20viewBox%3D%220%200%20300%20240%22%3E%3C%2Fsvg%3E\" loading=\"eager\"><\/span><span class=\"fg-image-overlay\"><\/span><\/a><figcaption class=\"fg-caption\"><div class=\"fg-caption-inner\"><div class=\"fg-caption-desc\">Foto: Elbenwald GmbH<\/div><\/div><\/figcaption><\/figure><div class=\"fg-loader\"><\/div><\/div><div class=\"fg-item fg-type-image fg-idle\"><figure class=\"fg-item-inner\"><a href=\"https:\/\/www.elbenwald.de\/Festival\/wp-content\/uploads\/ewf22_sa_nerdquiz_rainerkeuenhof_as2a4760.jpg\" data-caption-desc=\"Foto: Rainer Keuenhof\" data-attachment-id=\"6042\" data-type=\"image\" class=\"fg-thumb\"><span class=\"fg-image-wrap\"><img decoding=\"async\" width=\"300\" height=\"200\" class=\"skip-lazy fg-image\" data-src-fg=\"https:\/\/www.elbenwald.de\/Festival\/wp-content\/uploads\/cache\/ewf22_sa_nerdquiz_rainerkeuenhof_as2a4760\/3391479561.jpg\" src=\"data:image\/svg+xml,%3Csvg%20xmlns%3D%22http%3A%2F%2Fwww.w3.org%2F2000%2Fsvg%22%20width%3D%22300%22%20height%3D%22200%22%20viewBox%3D%220%200%20300%20200%22%3E%3C%2Fsvg%3E\" loading=\"eager\"><\/span><span class=\"fg-image-overlay\"><\/span><\/a><figcaption class=\"fg-caption\"><div class=\"fg-caption-inner\"><div class=\"fg-caption-desc\">Foto: Rainer Keuenhof<\/div><\/div><\/figcaption><\/figure><div class=\"fg-loader\"><\/div><\/div><div class=\"fg-item fg-type-image fg-idle\"><figure class=\"fg-item-inner\"><a href=\"https:\/\/www.elbenwald.de\/Festival\/wp-content\/uploads\/EWF23_Samstag_HarryPotter_Quiz_GinaWetzler__W1_1580.jpg\" data-caption-desc=\"Foto: Gina Wetzler\" data-attachment-id=\"7075\" data-type=\"image\" class=\"fg-thumb\"><span class=\"fg-image-wrap\"><img decoding=\"async\" width=\"300\" height=\"200\" class=\"skip-lazy fg-image\" data-src-fg=\"https:\/\/www.elbenwald.de\/Festival\/wp-content\/uploads\/cache\/EWF23_Samstag_HarryPotter_Quiz_GinaWetzler__W1_1580\/1696368207.jpg\" src=\"data:image\/svg+xml,%3Csvg%20xmlns%3D%22http%3A%2F%2Fwww.w3.org%2F2000%2Fsvg%22%20width%3D%22300%22%20height%3D%22200%22%20viewBox%3D%220%200%20300%20200%22%3E%3C%2Fsvg%3E\" loading=\"eager\"><\/span><span class=\"fg-image-overlay\"><\/span><\/a><figcaption class=\"fg-caption\"><div class=\"fg-caption-inner\"><div class=\"fg-caption-desc\">Foto: Gina Wetzler<\/div><\/div><\/figcaption><\/figure><div class=\"fg-loader\"><\/div><\/div><div class=\"fg-item fg-type-image fg-idle\"><figure class=\"fg-item-inner\"><a href=\"https:\/\/www.elbenwald.de\/Festival\/wp-content\/uploads\/EWF23_Samstag_HarryPotter_Quiz_GinaWetzler__W1_1576.jpg\" data-caption-title=\"Quiz f\u00fcr Harry Potter Fans\" data-caption-desc=\"Foto: Gina Wetzler\" data-attachment-id=\"7074\" data-type=\"image\" class=\"fg-thumb\"><span class=\"fg-image-wrap\"><img decoding=\"async\" title=\"Quiz f\u00fcr Harry Potter Fans\" width=\"300\" height=\"200\" class=\"skip-lazy fg-image\" data-src-fg=\"https:\/\/www.elbenwald.de\/Festival\/wp-content\/uploads\/cache\/EWF23_Samstag_HarryPotter_Quiz_GinaWetzler__W1_1576\/694203050.jpg\" src=\"data:image\/svg+xml,%3Csvg%20xmlns%3D%22http%3A%2F%2Fwww.w3.org%2F2000%2Fsvg%22%20width%3D%22300%22%20height%3D%22200%22%20viewBox%3D%220%200%20300%20200%22%3E%3C%2Fsvg%3E\" loading=\"eager\"><\/span><span class=\"fg-image-overlay\"><\/span><\/a><figcaption class=\"fg-caption\"><div class=\"fg-caption-inner\"><div class=\"fg-caption-title\">Quiz f\u00fcr Harry Potter Fans<\/div><div class=\"fg-caption-desc\">Foto: Gina Wetzler<\/div><\/div><\/figcaption><\/figure><div class=\"fg-loader\"><\/div><\/div><div class=\"fg-item fg-type-image fg-idle\"><figure class=\"fg-item-inner\"><a href=\"https:\/\/www.elbenwald.de\/Festival\/wp-content\/uploads\/EWF23_Film-Quiz_RainerKeuenhof_H80A1948_20230811140715.jpg\" data-caption-title=\"Quiz f\u00fcr Filme &amp;amp; Serien Fans\" data-caption-desc=\"Foto: Rainer Keuenhof\" data-attachment-id=\"6955\" data-type=\"image\" class=\"fg-thumb\"><span class=\"fg-image-wrap\"><img decoding=\"async\" title=\"Quiz f\u00fcr Filme &amp; Serien Fans\" width=\"300\" height=\"200\" class=\"skip-lazy fg-image\" data-src-fg=\"https:\/\/www.elbenwald.de\/Festival\/wp-content\/uploads\/cache\/EWF23_Film-Quiz_RainerKeuenhof_H80A1948_20230811140715\/3072919297.jpg\" src=\"data:image\/svg+xml,%3Csvg%20xmlns%3D%22http%3A%2F%2Fwww.w3.org%2F2000%2Fsvg%22%20width%3D%22300%22%20height%3D%22200%22%20viewBox%3D%220%200%20300%20200%22%3E%3C%2Fsvg%3E\" loading=\"eager\"><\/span><span class=\"fg-image-overlay\"><\/span><\/a><figcaption class=\"fg-caption\"><div class=\"fg-caption-inner\"><div class=\"fg-caption-title\">Quiz f\u00fcr Filme &amp; Serien Fans<\/div><div class=\"fg-caption-desc\">Foto: Rainer Keuenhof<\/div><\/div><\/figcaption><\/figure><div class=\"fg-loader\"><\/div><\/div><div class=\"fg-item fg-type-image fg-idle\"><figure class=\"fg-item-inner\"><a href=\"https:\/\/www.elbenwald.de\/Festival\/wp-content\/uploads\/EWF21_Nerdquiz_Rainer_Keuenhof_001.jpg\" data-caption-title=\"Nerd-Quiz\" data-caption-desc=\"Foto: Rainer Keuenhof\" data-attachment-id=\"4603\" data-type=\"image\" class=\"fg-thumb\"><span class=\"fg-image-wrap\"><img decoding=\"async\" alt=\"Nerd-Quiz\" title=\"Nerd-Quiz\" width=\"300\" height=\"200\" class=\"skip-lazy fg-image\" data-src-fg=\"https:\/\/www.elbenwald.de\/Festival\/wp-content\/uploads\/cache\/EWF21_Nerdquiz_Rainer_Keuenhof_001\/249338337.jpg\" src=\"data:image\/svg+xml,%3Csvg%20xmlns%3D%22http%3A%2F%2Fwww.w3.org%2F2000%2Fsvg%22%20width%3D%22300%22%20height%3D%22200%22%20viewBox%3D%220%200%20300%20200%22%3E%3C%2Fsvg%3E\" loading=\"eager\"><\/span><span class=\"fg-image-overlay\"><\/span><\/a><figcaption class=\"fg-caption\"><div class=\"fg-caption-inner\"><div class=\"fg-caption-title\">Nerd-Quiz<\/div><div class=\"fg-caption-desc\">Foto: Rainer Keuenhof<\/div><\/div><\/figcaption><\/figure><div class=\"fg-loader\"><\/div><\/div><div class=\"fg-item fg-type-image fg-idle\"><figure class=\"fg-item-inner\"><a href=\"https:\/\/www.elbenwald.de\/Festival\/wp-content\/uploads\/EWF21_Nerdquiz_Rainer_Keuenhof_004.jpg\" data-caption-title=\"Nerd-Quiz\" data-caption-desc=\"Foto: Rainer Keuenhof\" data-attachment-id=\"4604\" data-type=\"image\" class=\"fg-thumb\"><span class=\"fg-image-wrap\"><img decoding=\"async\" alt=\"Nerd-Quiz\" title=\"Nerd-Quiz\" width=\"300\" height=\"200\" class=\"skip-lazy fg-image\" data-src-fg=\"https:\/\/www.elbenwald.de\/Festival\/wp-content\/uploads\/cache\/EWF21_Nerdquiz_Rainer_Keuenhof_004\/589849326.jpg\" src=\"data:image\/svg+xml,%3Csvg%20xmlns%3D%22http%3A%2F%2Fwww.w3.org%2F2000%2Fsvg%22%20width%3D%22300%22%20height%3D%22200%22%20viewBox%3D%220%200%20300%20200%22%3E%3C%2Fsvg%3E\" loading=\"eager\"><\/span><span class=\"fg-image-overlay\"><\/span><\/a><figcaption class=\"fg-caption\"><div class=\"fg-caption-inner\"><div class=\"fg-caption-title\">Nerd-Quiz<\/div><div class=\"fg-caption-desc\">Foto: Rainer Keuenhof<\/div><\/div><\/figcaption><\/figure><div class=\"fg-loader\"><\/div><\/div><div class=\"fg-item fg-type-image fg-idle\"><figure class=\"fg-item-inner\"><a href=\"https:\/\/www.elbenwald.de\/Festival\/wp-content\/uploads\/ewf22_sa_nerdquiz_rainerkeuenhof_as2a4727.jpg\" data-caption-desc=\"Foto: Rainer Keuenhof\" data-attachment-id=\"6041\" data-type=\"image\" class=\"fg-thumb\"><span class=\"fg-image-wrap\"><img decoding=\"async\" width=\"300\" height=\"200\" class=\"skip-lazy fg-image\" data-src-fg=\"https:\/\/www.elbenwald.de\/Festival\/wp-content\/uploads\/cache\/ewf22_sa_nerdquiz_rainerkeuenhof_as2a4727\/1991840159.jpg\" src=\"data:image\/svg+xml,%3Csvg%20xmlns%3D%22http%3A%2F%2Fwww.w3.org%2F2000%2Fsvg%22%20width%3D%22300%22%20height%3D%22200%22%20viewBox%3D%220%200%20300%20200%22%3E%3C%2Fsvg%3E\" loading=\"eager\"><\/span><span class=\"fg-image-overlay\"><\/span><\/a><figcaption class=\"fg-caption\"><div class=\"fg-caption-inner\"><div class=\"fg-caption-desc\">Foto: Rainer Keuenhof<\/div><\/div><\/figcaption><\/figure><div class=\"fg-loader\"><\/div><\/div><div class=\"fg-item fg-type-image fg-idle\"><figure class=\"fg-item-inner\"><a href=\"https:\/\/www.elbenwald.de\/Festival\/wp-content\/uploads\/aktivitaeten_nerdquiz_post_g2.jpg\" data-caption-title=\"Nerd-Quiz, Foto: Kirsten Otto\" data-attachment-id=\"2134\" data-type=\"image\" class=\"fg-thumb\"><span class=\"fg-image-wrap\"><img decoding=\"async\" alt=\"Nerd-Quiz, Foto: Kirsten Otto\" title=\"Nerd-Quiz, Foto: Kirsten Otto\" width=\"300\" height=\"200\" class=\"skip-lazy fg-image\" data-src-fg=\"https:\/\/www.elbenwald.de\/Festival\/wp-content\/uploads\/cache\/aktivitaeten_nerdquiz_post_g2\/1680118735.jpg\" src=\"data:image\/svg+xml,%3Csvg%20xmlns%3D%22http%3A%2F%2Fwww.w3.org%2F2000%2Fsvg%22%20width%3D%22300%22%20height%3D%22200%22%20viewBox%3D%220%200%20300%20200%22%3E%3C%2Fsvg%3E\" loading=\"eager\"><\/span><span class=\"fg-image-overlay\"><\/span><\/a><figcaption class=\"fg-caption\"><div class=\"fg-caption-inner\"><div class=\"fg-caption-title\">Nerd-Quiz, Foto: Kirsten Otto<\/div><\/div><\/figcaption><\/figure><div class=\"fg-loader\"><\/div><\/div><\/div>\n","protected":false},"excerpt":{"rendered":"<p>Es gibt so viele Fragen. Rhetorische, philosophische, sogar Gegenfragen gibt es. Beim Quiz konzentrieren wir uns allerdings auf: die wichtigen Fragen.<\/p>\n","protected":false},"author":4,"featured_media":7541,"parent":30,"menu_order":1000,"comment_status":"closed","ping_status":"closed","template":"templates\/grid-page.php","meta":{"inline_featured_image":false,"footnotes":""},"class_list":["post-182","page","type-page","status-publish","has-post-thumbnail","hentry"],"aioseo_notices":[],"_links":{"self":[{"href":"https:\/\/www.elbenwald.de\/Festival\/wp-json\/wp\/v2\/pages\/182","targetHints":{"allow":["GET"]}}],"collection":[{"href":"https:\/\/www.elbenwald.de\/Festival\/wp-json\/wp\/v2\/pages"}],"about":[{"href":"https:\/\/www.elbenwald.de\/Festival\/wp-json\/wp\/v2\/types\/page"}],"author":[{"embeddable":true,"href":"https:\/\/www.elbenwald.de\/Festival\/wp-json\/wp\/v2\/users\/4"}],"replies":[{"embeddable":true,"href":"https:\/\/www.elbenwald.de\/Festival\/wp-json\/wp\/v2\/comments?post=182"}],"version-history":[{"count":37,"href":"https:\/\/www.elbenwald.de\/Festival\/wp-json\/wp\/v2\/pages\/182\/revisions"}],"predecessor-version":[{"id":7542,"href":"https:\/\/www.elbenwald.de\/Festival\/wp-json\/wp\/v2\/pages\/182\/revisions\/7542"}],"up":[{"embeddable":true,"href":"https:\/\/www.elbenwald.de\/Festival\/wp-json\/wp\/v2\/pages\/30"}],"wp:featuredmedia":[{"embeddable":true,"href":"https:\/\/www.elbenwald.de\/Festival\/wp-json\/wp\/v2\/media\/7541"}],"wp:attachment":[{"href":"https:\/\/www.elbenwald.de\/Festival\/wp-json\/wp\/v2\/media?parent=182"}],"curies":[{"name":"wp","href":"https:\/\/api.w.org\/{rel}","templated":true}]}}