{"id":1292,"date":"2025-12-12T16:03:25","date_gmt":"2025-12-12T15:03:25","guid":{"rendered":"https:\/\/www.elbenwald.de\/Festival\/?page_id=1292"},"modified":"2025-12-12T16:03:25","modified_gmt":"2025-12-12T15:03:25","slug":"zweiraumsilke","status":"publish","type":"page","link":"https:\/\/www.elbenwald.de\/Festival\/line-up\/zweiraumsilke\/","title":{"rendered":"#zweiraumsilke"},"content":{"rendered":"<h2>#zweiraumsilke<\/h2>\n<figure id=\"attachment_9999\" aria-describedby=\"caption-attachment-9999\" style=\"width: 500px\" class=\"wp-caption alignright\"><img loading=\"lazy\" decoding=\"async\" class=\"wp-image-9999\" title=\"#zweiraumsilke, Foto: Rainer Keuenhof\" src=\"https:\/\/www.elbenwald.de\/Festival\/wp-content\/uploads\/zweiraumsilke_768x768px-1-300x300.jpg\" alt=\"B\u00fchne beim Elbenwald Festival mit einer Band, die in bunten Outfits auftritt. Die Musiker spielen verschiedene Instrumente vor einem begeisterten Publikum, umgeben von farbenfrohen Lichtern und einer lebhaften Atmosph\u00e4re.\" width=\"500\" height=\"500\" srcset=\"https:\/\/www.elbenwald.de\/Festival\/wp-content\/uploads\/zweiraumsilke_768x768px-1-300x300.jpg 300w, https:\/\/www.elbenwald.de\/Festival\/wp-content\/uploads\/zweiraumsilke_768x768px-1-150x150.jpg 150w, https:\/\/www.elbenwald.de\/Festival\/wp-content\/uploads\/zweiraumsilke_768x768px-1.jpg 768w\" sizes=\"auto, (max-width: 500px) 100vw, 500px\" \/><figcaption id=\"caption-attachment-9999\" class=\"wp-caption-text\">#zweiraumsilke, Foto: Rainer Keuenhof<\/figcaption><\/figure>\n<p>Wir sind <strong>#zweiraumsilke<\/strong>-Fans! Die Band um Rapper <strong>Emma<\/strong> und S\u00e4ngerin <strong>Rita<\/strong> verstr\u00f6mt Energie wie ein Super-Saiyajin der Stufe drei. Was einem Power Level von DEUTLICH \u00fcber 9.000 entspricht! Wer jetzt verwirrt ist und kein Wort versteht, merkt sich einfach, dass <strong><a title=\"Zweiraumsilke Website\" href=\"http:\/\/www.zweiraumsilke.de\/\" target=\"_blank\" rel=\"noopener\">die Silke<\/a><\/strong> richtig krass ist.<\/p>\n<p>Was f\u00fcr Musik die elfk\u00f6pfige Crew mit den stylischen 90er-Sportjacken macht? Gute Frage. Irgendwie wehren sich die Jungs und M\u00e4dels mit aller Macht gegen jede Schubladisierung, aber wir versuchen\u2019s mal. Die Silke macht deutschsprachigen Hip-Hop, haut aber jede Menge Jazz, Funk und Soul dazu. Also nicht wundern, wenn beim Konzert sage und schreibe 37 Instrumente zum Einsatz kommen, darunter Trompeten, ein Saxophon und sogar ein Cello. Und jedes davon bekommt ein Solo!<\/p>\n<p>#zweiraumsilke bietet aber nicht nur eine geile B\u00fchnenshow, sondern klingt auch auf CD (beziehungsweise im Stream) richtig gut. Ihre erste EP <strong>Zielstrebig Planlos<\/strong> hat uns schon vor Jahren begeistert, ihr offizielles Deb\u00fctalbum <strong>DETOX<\/strong> \u2013 \u00fcbrigens komplett per Crowdfunding finanziert \u2013 hat aber nochmal eine Schippe drauf gelegt. <span class=\"s1\">Und wir sind mehr als happy, dass sich die lange Wartezeit auf die aktuelle Platte <strong>wuff<\/strong> gelohnt hat \u2013 Anspieltipp: der hier ist zum aufstehen! <\/span><\/p>\n<p>Ach so, das k\u00f6nnte man noch erw\u00e4hnen: Die Silke hat auch den offiziellen Elbenwald Festival-Song gemacht. Kannst ja mal reinh\u00f6ren.<\/p>\n<p><a class=\"button\" href=\"https:\/\/festival.elbenwald.de\/tickets\/\" rel=\"noopener\">Jetzt Ticket sichern<\/a><\/p>\n<p><a class=\"button-minimal\" href=\"https:\/\/www.elbenwald.de\/Festival\/line-up\/\" rel=\"noopener\">Zum Line-Up<\/a><\/p>\n<div class=\"video-container\"><iframe loading=\"lazy\" src=\"https:\/\/www.youtube.com\/embed\/vy6Slt70goE\" width=\"560\" height=\"315\" frameborder=\"0\" allowfullscreen=\"allowfullscreen\"><span data-mce-type=\"bookmark\" style=\"display: inline-block; width: 0px; overflow: hidden; line-height: 0;\" class=\"mce_SELRES_start\">\ufeff<\/span><span data-mce-type=\"bookmark\" style=\"display: inline-block; width: 0px; overflow: hidden; line-height: 0;\" class=\"mce_SELRES_start\">\ufeff<\/span><\/iframe><\/div>\n","protected":false},"excerpt":{"rendered":"<p>Silke is back! Die fu\u00dfballmannschaftstarke Band mit den 90er Sportjacken rockt, rappt, jazzt, soult und funkt auch 2026 die gro\u00dfe Elbenwald Festival-B\u00fchne!<\/p>\n","protected":false},"author":4,"featured_media":9998,"parent":30,"menu_order":500,"comment_status":"closed","ping_status":"closed","template":"templates\/grid-page.php","meta":{"inline_featured_image":false,"footnotes":""},"class_list":["post-1292","page","type-page","status-publish","has-post-thumbnail","hentry"],"aioseo_notices":[],"_links":{"self":[{"href":"https:\/\/www.elbenwald.de\/Festival\/wp-json\/wp\/v2\/pages\/1292","targetHints":{"allow":["GET"]}}],"collection":[{"href":"https:\/\/www.elbenwald.de\/Festival\/wp-json\/wp\/v2\/pages"}],"about":[{"href":"https:\/\/www.elbenwald.de\/Festival\/wp-json\/wp\/v2\/types\/page"}],"author":[{"embeddable":true,"href":"https:\/\/www.elbenwald.de\/Festival\/wp-json\/wp\/v2\/users\/4"}],"replies":[{"embeddable":true,"href":"https:\/\/www.elbenwald.de\/Festival\/wp-json\/wp\/v2\/comments?post=1292"}],"version-history":[{"count":16,"href":"https:\/\/www.elbenwald.de\/Festival\/wp-json\/wp\/v2\/pages\/1292\/revisions"}],"predecessor-version":[{"id":10025,"href":"https:\/\/www.elbenwald.de\/Festival\/wp-json\/wp\/v2\/pages\/1292\/revisions\/10025"}],"up":[{"embeddable":true,"href":"https:\/\/www.elbenwald.de\/Festival\/wp-json\/wp\/v2\/pages\/30"}],"wp:featuredmedia":[{"embeddable":true,"href":"https:\/\/www.elbenwald.de\/Festival\/wp-json\/wp\/v2\/media\/9998"}],"wp:attachment":[{"href":"https:\/\/www.elbenwald.de\/Festival\/wp-json\/wp\/v2\/media?parent=1292"}],"curies":[{"name":"wp","href":"https:\/\/api.w.org\/{rel}","templated":true}]}}