{"id":1077,"date":"2018-02-20T14:34:43","date_gmt":"2018-02-20T13:34:43","guid":{"rendered":"https:\/\/www.elbenwald.de\/Festival\/?page_id=1077"},"modified":"2025-12-12T15:56:48","modified_gmt":"2025-12-12T14:56:48","slug":"coming-soon","status":"publish","type":"page","link":"https:\/\/www.elbenwald.de\/Festival\/line-up\/coming-soon\/","title":{"rendered":"Coming Soon"},"content":{"rendered":"<p>Wir sind noch mit vielen weiteren Stars und Bands in Gespr\u00e4chen. Sobald wir weitere Inhalte bekanntgeben k\u00f6nnen, findest du die Info nat\u00fcrlich hier auf der Webseite. Wenn du immer auf dem neuesten Stand sein magst, kannst du auch unsere Facebook- und Instagram-Seiten im Auge behalten, wo wir auch alle Neuigkeiten bekanntgeben.<\/p>\n<p style=\"text-align: center;\"><a class=\"button\" href=\"https:\/\/festival.elbenwald.de\/tickets\/\" rel=\"noopener\">Jetzt Ticket sichern<\/a><\/p>\n<p style=\"text-align: center;\"><a class=\"button-minimal\" href=\"https:\/\/www.elbenwald.de\/Festival\/line-up\/\" rel=\"noopener\">Zum Line-Up<\/a><\/p>\n","protected":false},"excerpt":{"rendered":"<p>Wir sind noch mit weiteren Stars und Bands in Gespr\u00e4chen. Sobald wir weitere Inhalte haben, findest du die Info nat\u00fcrlich hier auf der Webseite.  <\/p>\n","protected":false},"author":4,"featured_media":1026,"parent":30,"menu_order":59990,"comment_status":"closed","ping_status":"closed","template":"templates\/grid-page.php","meta":{"inline_featured_image":false,"footnotes":""},"class_list":["post-1077","page","type-page","status-publish","has-post-thumbnail","hentry"],"aioseo_notices":[],"_links":{"self":[{"href":"https:\/\/www.elbenwald.de\/Festival\/wp-json\/wp\/v2\/pages\/1077","targetHints":{"allow":["GET"]}}],"collection":[{"href":"https:\/\/www.elbenwald.de\/Festival\/wp-json\/wp\/v2\/pages"}],"about":[{"href":"https:\/\/www.elbenwald.de\/Festival\/wp-json\/wp\/v2\/types\/page"}],"author":[{"embeddable":true,"href":"https:\/\/www.elbenwald.de\/Festival\/wp-json\/wp\/v2\/users\/4"}],"replies":[{"embeddable":true,"href":"https:\/\/www.elbenwald.de\/Festival\/wp-json\/wp\/v2\/comments?post=1077"}],"version-history":[{"count":5,"href":"https:\/\/www.elbenwald.de\/Festival\/wp-json\/wp\/v2\/pages\/1077\/revisions"}],"predecessor-version":[{"id":6505,"href":"https:\/\/www.elbenwald.de\/Festival\/wp-json\/wp\/v2\/pages\/1077\/revisions\/6505"}],"up":[{"embeddable":true,"href":"https:\/\/www.elbenwald.de\/Festival\/wp-json\/wp\/v2\/pages\/30"}],"wp:featuredmedia":[{"embeddable":true,"href":"https:\/\/www.elbenwald.de\/Festival\/wp-json\/wp\/v2\/media\/1026"}],"wp:attachment":[{"href":"https:\/\/www.elbenwald.de\/Festival\/wp-json\/wp\/v2\/media?parent=1077"}],"curies":[{"name":"wp","href":"https:\/\/api.w.org\/{rel}","templated":true}]}}